{"id":6,"date":"2021-08-13T13:45:01","date_gmt":"2021-08-13T11:45:01","guid":{"rendered":"https:\/\/it-praxisschutz.de\/index.php\/one-page-express\/"},"modified":"2022-02-17T18:21:29","modified_gmt":"2022-02-17T16:21:29","slug":"one-page-express","status":"publish","type":"page","link":"https:\/\/it-praxisschutz.de\/","title":{"rendered":"Front Page"},"content":{"rendered":"<div id=\"overlapable-2\" style=\"background-color: #ffffff;\" data-label=\"Overlapable\" data-id=\"stripped-coloured-icon-boxes\" data-category=\"overlapable\" class=\"features-coloured-icon-boxes-section\" data-overlap=\"true\">\r\n<div class=\"gridContainer\">\r\n<div class=\"features-coloured-icon-boxes-innerrow flexbox-list dark-text\" data-type=\"row\">\r\n<div class=\"features-coloured-icon-boxes-featurecol cp3cols\">\r\n<div class=\"features-coloured-icon-boxes-iconcontainer\" data-content-item-container=\"true\"><i class=\"features-coloured-icon fa fa-cloud\" data-cp-fa=\"true\"><\/i><\/div>\r\n<h4 class=\"\">Praxisschutz managed Firewall<\/h4>\r\n<p class=\"\">Basis Grundschutz f\u00fcr 1-5 Ger\u00e4te<\/p>\r\nHardware-Firewall mit regelm\u00e4\u00dfig akutallisierten Filtern\r\ninkl. Life-Time Garantie\r\n\r\nMonitoring und Update der Firewall\r\n\r\n<a class=\"features-coloured-button\" href=\"#\" target=\"_self\" rel=\"noopener\">Zeige mir mehr<\/a>\r\n\r\n<\/div>\r\n<div class=\"features-coloured-icon-boxes-featurecol cp3cols\">\r\n<div class=\"features-coloured-icon-boxes-iconcontainer\" data-content-item-container=\"true\"><i class=\"features-coloured-icon fa fa-signal\" data-cp-fa=\"true\"><\/i><\/div>\r\n<h4 class=\"\">Praxisschutz UTM<\/h4>\r\n<p class=\"\">Erweiterter UTM Schutz f\u00fcr 6-10 Ger\u00e4te\r\nHardware-Firewall mit dynamischer anpassung an neue Bedrohungen\r\ninkl. Life-Time Garantie\r\nMonitoring und Update der Firewall<\/p>\r\nErf\u00fcllung der KVB Richtlinie\r\n\r\n<a class=\"features-coloured-button\" href=\"#\" target=\"_self\" rel=\"noopener\">Zeige mir mehr<\/a>\r\n\r\n<\/div>\r\n<div class=\"features-coloured-icon-boxes-featurecol cp3cols\">\r\n<div class=\"features-coloured-icon-boxes-iconcontainer\" data-content-item-container=\"true\"><i class=\"features-coloured-icon fa fa-pie-chart\" data-cp-fa=\"true\"><\/i><\/div>\r\n<h4 class=\"\">Praxisschutz individuell<\/h4>\r\n<p class=\"\">Speziell mit Ihnen deffiniertes Level an Sicherheit.\r\nHardware-Firewall mit aktuellster Technologie zum schutz vor unbekannten Bedrohungen.\r\ninkl. Life-Time Garantie\r\nMonitoring und Update der Firewall<\/p>\r\n<p class=\"\">angepasste Konfiguration<\/p>\r\n<a class=\"features-coloured-button\" href=\"#\" target=\"_self\" rel=\"noopener\">Zeige mir mehr<\/a>\r\n\r\n<\/div>\r\n<\/div>\r\n<\/div>\r\n<\/div>\r\n<div id=\"about-1\" style=\"background-color: #f6f6f6;\" data-label=\"About\" data-id=\"about-big-images-section\" data-category=\"about\" class=\"about-big-images-section\">\r\n<div class=\"gridContainer\">\r\n<div class=\"about-big-images-textrow\">\r\n<div class=\"about-big-images-textcol dynamic-color\" data-type=\"column\">\r\n<h3 class=\"\">Warum ben\u00f6tige ich eine Hardware-Firewall?<\/h3>\r\n<p class=\"\">Aufgrund von g\u00fcltigen Regelungen ergeben sich die Anforderungen an eine Hardware-Firewall.<\/p>\r\nDiese Regelungen sind:\r\n\r\nDS-GVO\r\n\r\nBSI Grundschutz\r\n\r\nKBV Sicherheitsrichtlinie\r\n\r\nEine Firewall ist unverzichtbar, um Sie vor Manipulationen, Zugriffen und Spionage zu sch\u00fctzen. Allein mit\r\n\r\nder Aktivierung einer Firewall ist es jedoch nicht getan, denn erst durch die gezielte Konfiguration sch\u00fctzen Firewalls vor unberechtigten Zugriffen sowohl von innen als auch von au\u00dfen. Nicht jede Firewall ist gleich. Viele der im Router integrierten Firewalls erf\u00fcllen nicht die Basis-\/Standardanforderungen des BSI.\r\n\r\nDazu geh\u00f6ren unter anderem:\r\n\r\nAusgehenden Netzwerkverkehr filtern (Verweis BSI NET.3.2.A2)\r\nEine Dauerhafte Protokollierung gew\u00e4hrleisten (Verweis BSI NET.3.2.A9)\r\nFilterung auf Anwendungsebene (P-A-P Struktur) (Verweis BSI NET.3.2.A16)\r\nVerschl\u00fcsselte Daten auf Schadcode pr\u00fcfen (Verweis BSI NET.3.2.A21)\r\nAlarmierung bei Angriff (BSI NET.3.2.A23)\r\nAusgehende von dem erh\u00f6hten Schutzbedarf der Daten, muss eine Firewall die Daten auf Anwendungsebene filtern k\u00f6nnen (P-A-P Struktur). In einem handels\u00fcblichen Router ist in der Regel aber ein Paketfilter aktiv, der diese Kriterien nicht erf\u00fcllt.\r\n\r\nStandard Anforderungen des BSI NET.3.2: Firewall (Edition 2021)\r\n\r\nDie KBV-Richtlinie adressiert die Schutzziele Vertraulichkeit, Integrit\u00e4t und Verf\u00fcgbarkeit der IT-Systeme in der Praxis. Mit der Umsetzung dieser Anforderungen werden die Risiken der IT-Sicherheit minimiert. https:\/\/www.kbv.de\/html\/it-sicherheit.php\r\n\r\nDie Anforderungen aus der KBV-Richtlinie m\u00fcssen dem Stand der Technik entsprechen und sind j\u00e4hrlich an den Stand der Technik und an das Gef\u00e4hrdungspotential anzupassen.\r\n\r\n<\/div>\r\n<\/div>\r\n<\/div>\r\n<div class=\"about-big-images-bottomrow\">\r\n<div class=\"about-big-images-leftimgcol\"><img decoding=\"async\" class=\"about-big-images-leftimg\" src=\"https:\/\/it-praxisschutz.de\/wp-content\/plugins\/one-page-express-companion\/theme-data\/one-page-express\/sections\/images\/nordwood-themes-180852.jpg\" \/><\/div>\r\n<div class=\"about-big-images-centerimgcol\"><img decoding=\"async\" class=\"about-big-images-centerimg\" src=\"https:\/\/it-praxisschutz.de\/wp-content\/plugins\/one-page-express-companion\/theme-data\/one-page-express\/sections\/images\/ir5likvfqc4-william-iven-1920x1275.jpg\" \/><\/div>\r\n<div class=\"about-big-images-rightimgcol\"><img decoding=\"async\" class=\"about-big-images-rightimg\" src=\"https:\/\/it-praxisschutz.de\/wp-content\/plugins\/one-page-express-companion\/theme-data\/one-page-express\/sections\/images\/project1.jpg\" \/><\/div>\r\n<\/div>\r\n<\/div>\r\n<div id=\"content-3\" style=\"background-color: #ffffff;\" data-label=\"Content\" data-id=\"content-image-left\" data-category=\"content\" class=\"content-left-image-section\">\r\n<div class=\"gridContainer\">\r\n<div class=\"row\">\r\n<div class=\"content-left-image-imgcol\" data-type=\"column\"><img decoding=\"async\" src=\"https:\/\/it-praxisschutz.de\/wp-content\/plugins\/one-page-express-companion\/theme-data\/one-page-express\/sections\/images\/project1.jpg\" class=\"\" \/><\/div>\r\n<div class=\"content-left-image-textcol dynamic-color\" data-type=\"column\">\r\n<h2 class=\"\">DS-GVO<\/h2>\r\n<p class=\"large_text\">Lorem ipsum dolor sit amet, consectetur adipisicing elit, sed do eiusmod tempor incididunt ut labore et dolore magna aliqua. Ut enim ad minim veniam, quis nostrud exercitation ullamco laboris nisi ut aliquip ex ea commodo consequat.<\/p>\r\n<a class=\"button blue\" href=\"#\"> LEARN MORE <\/a>\r\n\r\n<\/div>\r\n<\/div>\r\n<\/div>\r\n<\/div>\r\n<div id=\"content-4\" style=\"background-color: #f6f6f6;\" data-label=\"Content\" data-id=\"content-image-right\" data-category=\"content\" class=\"content-right-image-section\">\r\n<div class=\"gridContainer\">\r\n<div class=\"content-right-image-gridcol\">\r\n<div class=\"content-right-image-textcol dynamic-color\" data-type=\"column\">\r\n<h2 class=\"\">KBV Anforderungen<\/h2>\r\n<p class=\"large_text\">Lorem ipsum dolor sit amet, consectetur adipisicing elit, sed do eiusmod tempor incididunt ut labore et dolore magna aliqua. Ut enim ad minim veniam, quis nostrud exercitation ullamco laboris nisi ut aliquip ex ea commodo consequat.<\/p>\r\n<a class=\"button blue\" href=\"#\"> Learn More <\/a>\r\n\r\n<\/div>\r\n<div class=\"content-right-image-imgcol\" data-type=\"column\"><img decoding=\"async\" src=\"https:\/\/it-praxisschutz.de\/wp-content\/plugins\/one-page-express-companion\/theme-data\/one-page-express\/sections\/images\/project1.jpg\" class=\"\" \/><\/div>\r\n<\/div>\r\n<\/div>\r\n<\/div>\r\n<div id=\"team-1\" style=\"background-color: #ffffff;\" data-label=\"Team\" data-id=\"team-colors-section\" data-category=\"team\" class=\"team-colors-section\">\r\n<div class=\"gridContainer\">\r\n<h3 class=\"team-colors-textcol dynamic-color\">Ihre kompetenten Ansprechpartner<\/h3>\r\n<p style=\"text-align: center;\">Durch unseren Verbund von IT-Service Unternehmen haben Sie die freie Auswahl.<\/p>\r\n\r\n<div class=\"team-colors-membersrow dark-text\" data-type=\"row\">\r\n<div class=\"team-colors-membercol cp6cols-tablet cp2cols\">\r\n<div class=\"team-colors-membercard\">\r\n<div class=\"team-colors-memberinfo\" data-type=\"column\">\r\n<h4><img loading=\"lazy\" decoding=\"async\" src=\"https:\/\/it-praxisschutz.de\/wp-content\/uploads\/2022\/02\/IT-Haecker-Logo-20171.png\" alt=\"\" width=\"299\" height=\"140\" class=\"alignnone size-full wp-image-42\" \/>IT-Service H\u00e4cker e.K.<\/h4>\r\n<p class=\"team-colors-memberposition\">Standort: M\u00f6mbris<\/p>\r\n<a class=\"button blue\" href=\"https:\/\/it-haecker.de\/kontakt\" target=\"_blank\" rel=\"noopener\">Kontakt<\/a>\r\n\r\n<\/div>\r\n<\/div>\r\n<\/div>\r\n<div class=\"team-colors-membercol cp6cols-tablet cp2cols\">\r\n<div class=\"team-colors-membercard\">\r\n<div class=\"team-colors-memberinfo\" data-type=\"column\">\r\n\r\n&nbsp;\r\n\r\n<img loading=\"lazy\" decoding=\"async\" src=\"https:\/\/it-praxisschutz.de\/wp-content\/uploads\/2022\/02\/SFC_logo_Claim_RGB_komplett_web500_72dpi.jpg\" alt=\"\" width=\"151\" height=\"38\" class=\"alignnone wp-image-115 \" srcset=\"https:\/\/it-praxisschutz.de\/wp-content\/uploads\/2022\/02\/SFC_logo_Claim_RGB_komplett_web500_72dpi.jpg 500w, https:\/\/it-praxisschutz.de\/wp-content\/uploads\/2022\/02\/SFC_logo_Claim_RGB_komplett_web500_72dpi-300x76.jpg 300w\" sizes=\"auto, (max-width: 151px) 100vw, 151px\" \/>\r\n<h4>SFC GmbH<\/h4>\r\nService as a Service\r\n<p class=\"team-colors-memberposition\">Standort: H\u00f6sbach<\/p>\r\n\r\n\r\n<hr class=\"team-colors-separator\" \/>\r\n\r\n<a class=\"button blue\" href=\"#\" target=\"_self\" rel=\"noopener\">Kontakt<\/a>\r\n\r\n<\/div>\r\n<\/div>\r\n<\/div>\r\n<div class=\"team-colors-membercol cp6cols-tablet cp2cols\">\r\n<div class=\"team-colors-membercard\">\r\n<div class=\"team-colors-memberinfo\" data-type=\"column\">\r\n<h4><img loading=\"lazy\" decoding=\"async\" src=\"https:\/\/it-praxisschutz.de\/wp-content\/uploads\/2022\/02\/SPS-Logo-klein.jpg\" alt=\"\" width=\"300\" height=\"121\" class=\"alignnone size-full wp-image-54\" \/>SPS Netze GmbH<\/h4>\r\n<p class=\"team-colors-memberposition\">Standort: Sulzbach<\/p>\r\n\r\n\r\n<hr class=\"team-colors-separator\" \/>\r\n\r\n<a class=\"button blue\" href=\"#\" target=\"_self\" rel=\"noopener\">Kontakt<\/a>\r\n\r\n<\/div>\r\n<\/div>\r\n<\/div>\r\n<div class=\"team-colors-membercol cp6cols-tablet cp2cols\">\r\n<div class=\"team-colors-membercard\">\r\n<div class=\"team-colors-memberinfo\" data-type=\"column\">\r\n<h4><span style=\"font-size: 1.11em; font-family: 'Source Sans Pro', sans-serif;\"><img loading=\"lazy\" decoding=\"async\" src=\"https:\/\/it-praxisschutz.de\/wp-content\/uploads\/2022\/02\/itservicegmbhlogo.png\" alt=\"\" width=\"175\" height=\"50\" class=\"alignnone size-full wp-image-50\" \/>IT-Service M+W GmbH<\/span><\/h4>\r\n<p class=\"team-colors-memberposition\">Standort: Gro\u00dfostheim<\/p>\r\n<a class=\"button blue\" href=\"https:\/\/itservicegmbh.de\/kontakt\" target=\"_blank\" rel=\"noopener\">Kontakt<\/a>\r\n\r\n<\/div>\r\n<\/div>\r\n<\/div>\r\n<div class=\"team-colors-membercol cp6cols-tablet cp2cols\">\r\n<div class=\"team-colors-membercard\">\r\n<div class=\"team-colors-memberinfo\" data-type=\"column\">\r\n\r\n<img loading=\"lazy\" decoding=\"async\" src=\"https:\/\/it-praxisschutz.de\/wp-content\/uploads\/2022\/02\/wappitlogo.png\" alt=\"\" width=\"200\" height=\"54\" class=\"alignnone size-full wp-image-48\" \/>\r\n<h4 class=\"team-colors-membername\">WAPP IT! Solutions<\/h4>\r\n<p class=\"team-colors-memberposition\">Standort: M\u00f6mbris<\/p>\r\n<a class=\"button blue\" href=\"https:\/\/www.wappit.de\/kontakt\" target=\"_blank\" rel=\"noopener\">Kontakt<\/a>\r\n\r\n<\/div>\r\n<\/div>\r\n<\/div>\r\n<div class=\"team-colors-membercol cp6cols-tablet cp2cols\">\r\n<div class=\"team-colors-membercard\">\r\n<div class=\"team-colors-memberinfo\" data-type=\"column\">\r\n\r\n<img loading=\"lazy\" decoding=\"async\" src=\"https:\/\/it-praxisschutz.de\/wp-content\/uploads\/2022\/02\/mcsyslogo.png\" alt=\"\" width=\"280\" height=\"132\" class=\"alignnone wp-image-49 size-full\" \/>\r\n<h4 class=\"team-colors-membername\">ModernCom Systems GmbH &amp; Co. KG<\/h4>\r\n<p class=\"team-colors-memberposition\">Standort: Alzenau<\/p>\r\n<a class=\"button blue\" href=\"https:\/\/www.wappit.de\/kontakt\" target=\"_blank\" rel=\"noopener\">Kontakt<\/a>\r\n\r\n<\/div>\r\n<\/div>\r\n<\/div>\r\n<\/div>\r\n<\/div>\r\n<\/div>\r\n<h2 style=\"text-align: center;\"><\/h2>\r\n<p style=\"text-align: center;\"><iframe loading=\"lazy\" width=\"1024px\" height=\"800px\" src=\"https:\/\/de.batchgeo.com\/map\/34680825101a87fa447efbff32541073\"><span data-mce-type=\"bookmark\" style=\"display: inline-block; width: 0px; overflow: hidden; line-height: 0;\" class=\"mce_SELRES_start\">\ufeff<\/span><span data-mce-type=\"bookmark\" style=\"display: inline-block; width: 0px; overflow: hidden; line-height: 0;\" class=\"mce_SELRES_start\">\ufeff<\/span><span data-mce-type=\"bookmark\" style=\"display: inline-block; width: 0px; overflow: hidden; line-height: 0;\" class=\"mce_SELRES_start\">\ufeff<\/span><\/iframe><\/p>","protected":false},"excerpt":{"rendered":"<p>Praxisschutz managed Firewall Basis Grundschutz f\u00fcr 1-5 Ger\u00e4te Hardware-Firewall mit regelm\u00e4\u00dfig akutallisierten Filtern inkl. Life-Time Garantie Monitoring und Update der Firewall Zeige mir mehr Praxisschutz UTM Erweiterter UTM Schutz f\u00fcr 6-10 Ger\u00e4te Hardware-Firewall mit dynamischer anpassung an neue Bedrohungen inkl. Life-Time Garantie Monitoring und Update der Firewall Erf\u00fcllung der KVB Richtlinie Zeige mir mehr Praxisschutz&hellip; <br \/> <a class=\"button small blue\" href=\"https:\/\/it-praxisschutz.de\/index.php\/2021\/08\/06\/hello-world\/\">Weiterlesen<\/a><\/p>\n","protected":false},"author":1,"featured_media":0,"parent":0,"menu_order":0,"comment_status":"closed","ping_status":"closed","template":"","meta":{"footnotes":""},"class_list":["post-6","page","type-page","status-publish","hentry"],"yoast_head":"<!-- This site is optimized with the Yoast SEO plugin v27.1.1 - https:\/\/yoast.com\/product\/yoast-seo-wordpress\/ -->\n<title>Front Page - IT-Praxisschutz<\/title>\n<meta name=\"robots\" content=\"index, follow, max-snippet:-1, max-image-preview:large, max-video-preview:-1\" \/>\n<link rel=\"canonical\" href=\"https:\/\/it-praxisschutz.de\/\" \/>\n<meta property=\"og:locale\" content=\"de_DE\" \/>\n<meta property=\"og:type\" content=\"article\" \/>\n<meta property=\"og:title\" content=\"Front Page - IT-Praxisschutz\" \/>\n<meta property=\"og:description\" content=\"Praxisschutz managed Firewall Basis Grundschutz f\u00fcr 1-5 Ger\u00e4te Hardware-Firewall mit regelm\u00e4\u00dfig akutallisierten Filtern inkl. Life-Time Garantie Monitoring und Update der Firewall Zeige mir mehr Praxisschutz UTM Erweiterter UTM Schutz f\u00fcr 6-10 Ger\u00e4te Hardware-Firewall mit dynamischer anpassung an neue Bedrohungen inkl. Life-Time Garantie Monitoring und Update der Firewall Erf\u00fcllung der KVB Richtlinie Zeige mir mehr Praxisschutz&hellip; Weiterlesen\" \/>\n<meta property=\"og:url\" content=\"https:\/\/it-praxisschutz.de\/\" \/>\n<meta property=\"og:site_name\" content=\"IT-Praxisschutz\" \/>\n<meta property=\"article:modified_time\" content=\"2022-02-17T16:21:29+00:00\" \/>\n<meta property=\"og:image\" content=\"https:\/\/it-praxisschutz.de\/wp-content\/plugins\/one-page-express-companion\/theme-data\/one-page-express\/sections\/images\/nordwood-themes-180852.jpg\" \/>\n<meta name=\"twitter:card\" content=\"summary_large_image\" \/>\n<meta name=\"twitter:label1\" content=\"Gesch\u00e4tzte Lesezeit\" \/>\n\t<meta name=\"twitter:data1\" content=\"2\u00a0Minuten\" \/>\n<script type=\"application\/ld+json\" class=\"yoast-schema-graph\">{\"@context\":\"https:\/\/schema.org\",\"@graph\":[{\"@type\":\"WebPage\",\"@id\":\"https:\/\/it-praxisschutz.de\/\",\"url\":\"https:\/\/it-praxisschutz.de\/\",\"name\":\"Front Page - IT-Praxisschutz\",\"isPartOf\":{\"@id\":\"https:\/\/it-praxisschutz.de\/#website\"},\"primaryImageOfPage\":{\"@id\":\"https:\/\/it-praxisschutz.de\/#primaryimage\"},\"image\":{\"@id\":\"https:\/\/it-praxisschutz.de\/#primaryimage\"},\"thumbnailUrl\":\"https:\/\/it-praxisschutz.de\/wp-content\/plugins\/one-page-express-companion\/theme-data\/one-page-express\/sections\/images\/nordwood-themes-180852.jpg\",\"datePublished\":\"2021-08-13T11:45:01+00:00\",\"dateModified\":\"2022-02-17T16:21:29+00:00\",\"breadcrumb\":{\"@id\":\"https:\/\/it-praxisschutz.de\/#breadcrumb\"},\"inLanguage\":\"de\",\"potentialAction\":[{\"@type\":\"ReadAction\",\"target\":[\"https:\/\/it-praxisschutz.de\/\"]}]},{\"@type\":\"ImageObject\",\"inLanguage\":\"de\",\"@id\":\"https:\/\/it-praxisschutz.de\/#primaryimage\",\"url\":\"https:\/\/it-praxisschutz.de\/wp-content\/plugins\/one-page-express-companion\/theme-data\/one-page-express\/sections\/images\/nordwood-themes-180852.jpg\",\"contentUrl\":\"https:\/\/it-praxisschutz.de\/wp-content\/plugins\/one-page-express-companion\/theme-data\/one-page-express\/sections\/images\/nordwood-themes-180852.jpg\"},{\"@type\":\"BreadcrumbList\",\"@id\":\"https:\/\/it-praxisschutz.de\/#breadcrumb\",\"itemListElement\":[{\"@type\":\"ListItem\",\"position\":1,\"name\":\"Home\",\"item\":\"https:\/\/it-praxisschutz.de\/\"},{\"@type\":\"ListItem\",\"position\":2,\"name\":\"Front Page\"}]},{\"@type\":\"WebSite\",\"@id\":\"https:\/\/it-praxisschutz.de\/#website\",\"url\":\"https:\/\/it-praxisschutz.de\/\",\"name\":\"IT-Praxisschutz\",\"description\":\"Sicherheit f\u00fcr Ihre Praxis IT\",\"potentialAction\":[{\"@type\":\"SearchAction\",\"target\":{\"@type\":\"EntryPoint\",\"urlTemplate\":\"https:\/\/it-praxisschutz.de\/?s={search_term_string}\"},\"query-input\":{\"@type\":\"PropertyValueSpecification\",\"valueRequired\":true,\"valueName\":\"search_term_string\"}}],\"inLanguage\":\"de\"}]}<\/script>\n<!-- \/ Yoast SEO plugin. -->","yoast_head_json":{"title":"Front Page - IT-Praxisschutz","robots":{"index":"index","follow":"follow","max-snippet":"max-snippet:-1","max-image-preview":"max-image-preview:large","max-video-preview":"max-video-preview:-1"},"canonical":"https:\/\/it-praxisschutz.de\/","og_locale":"de_DE","og_type":"article","og_title":"Front Page - IT-Praxisschutz","og_description":"Praxisschutz managed Firewall Basis Grundschutz f\u00fcr 1-5 Ger\u00e4te Hardware-Firewall mit regelm\u00e4\u00dfig akutallisierten Filtern inkl. Life-Time Garantie Monitoring und Update der Firewall Zeige mir mehr Praxisschutz UTM Erweiterter UTM Schutz f\u00fcr 6-10 Ger\u00e4te Hardware-Firewall mit dynamischer anpassung an neue Bedrohungen inkl. Life-Time Garantie Monitoring und Update der Firewall Erf\u00fcllung der KVB Richtlinie Zeige mir mehr Praxisschutz&hellip; Weiterlesen","og_url":"https:\/\/it-praxisschutz.de\/","og_site_name":"IT-Praxisschutz","article_modified_time":"2022-02-17T16:21:29+00:00","og_image":[{"url":"https:\/\/it-praxisschutz.de\/wp-content\/plugins\/one-page-express-companion\/theme-data\/one-page-express\/sections\/images\/nordwood-themes-180852.jpg","type":"","width":"","height":""}],"twitter_card":"summary_large_image","twitter_misc":{"Gesch\u00e4tzte Lesezeit":"2\u00a0Minuten"},"schema":{"@context":"https:\/\/schema.org","@graph":[{"@type":"WebPage","@id":"https:\/\/it-praxisschutz.de\/","url":"https:\/\/it-praxisschutz.de\/","name":"Front Page - IT-Praxisschutz","isPartOf":{"@id":"https:\/\/it-praxisschutz.de\/#website"},"primaryImageOfPage":{"@id":"https:\/\/it-praxisschutz.de\/#primaryimage"},"image":{"@id":"https:\/\/it-praxisschutz.de\/#primaryimage"},"thumbnailUrl":"https:\/\/it-praxisschutz.de\/wp-content\/plugins\/one-page-express-companion\/theme-data\/one-page-express\/sections\/images\/nordwood-themes-180852.jpg","datePublished":"2021-08-13T11:45:01+00:00","dateModified":"2022-02-17T16:21:29+00:00","breadcrumb":{"@id":"https:\/\/it-praxisschutz.de\/#breadcrumb"},"inLanguage":"de","potentialAction":[{"@type":"ReadAction","target":["https:\/\/it-praxisschutz.de\/"]}]},{"@type":"ImageObject","inLanguage":"de","@id":"https:\/\/it-praxisschutz.de\/#primaryimage","url":"https:\/\/it-praxisschutz.de\/wp-content\/plugins\/one-page-express-companion\/theme-data\/one-page-express\/sections\/images\/nordwood-themes-180852.jpg","contentUrl":"https:\/\/it-praxisschutz.de\/wp-content\/plugins\/one-page-express-companion\/theme-data\/one-page-express\/sections\/images\/nordwood-themes-180852.jpg"},{"@type":"BreadcrumbList","@id":"https:\/\/it-praxisschutz.de\/#breadcrumb","itemListElement":[{"@type":"ListItem","position":1,"name":"Home","item":"https:\/\/it-praxisschutz.de\/"},{"@type":"ListItem","position":2,"name":"Front Page"}]},{"@type":"WebSite","@id":"https:\/\/it-praxisschutz.de\/#website","url":"https:\/\/it-praxisschutz.de\/","name":"IT-Praxisschutz","description":"Sicherheit f\u00fcr Ihre Praxis IT","potentialAction":[{"@type":"SearchAction","target":{"@type":"EntryPoint","urlTemplate":"https:\/\/it-praxisschutz.de\/?s={search_term_string}"},"query-input":{"@type":"PropertyValueSpecification","valueRequired":true,"valueName":"search_term_string"}}],"inLanguage":"de"}]}},"_links":{"self":[{"href":"https:\/\/it-praxisschutz.de\/index.php\/wp-json\/wp\/v2\/pages\/6","targetHints":{"allow":["GET"]}}],"collection":[{"href":"https:\/\/it-praxisschutz.de\/index.php\/wp-json\/wp\/v2\/pages"}],"about":[{"href":"https:\/\/it-praxisschutz.de\/index.php\/wp-json\/wp\/v2\/types\/page"}],"author":[{"embeddable":true,"href":"https:\/\/it-praxisschutz.de\/index.php\/wp-json\/wp\/v2\/users\/1"}],"replies":[{"embeddable":true,"href":"https:\/\/it-praxisschutz.de\/index.php\/wp-json\/wp\/v2\/comments?post=6"}],"version-history":[{"count":24,"href":"https:\/\/it-praxisschutz.de\/index.php\/wp-json\/wp\/v2\/pages\/6\/revisions"}],"predecessor-version":[{"id":118,"href":"https:\/\/it-praxisschutz.de\/index.php\/wp-json\/wp\/v2\/pages\/6\/revisions\/118"}],"wp:attachment":[{"href":"https:\/\/it-praxisschutz.de\/index.php\/wp-json\/wp\/v2\/media?parent=6"}],"curies":[{"name":"wp","href":"https:\/\/api.w.org\/{rel}","templated":true}]}}