{"id":56,"date":"2022-02-08T19:33:16","date_gmt":"2022-02-08T17:33:16","guid":{"rendered":"https:\/\/it-praxisschutz.de\/?page_id=56"},"modified":"2022-02-16T17:52:45","modified_gmt":"2022-02-16T15:52:45","slug":"informationen","status":"publish","type":"page","link":"https:\/\/it-praxisschutz.de\/index.php\/informationen\/","title":{"rendered":"Informationen"},"content":{"rendered":"<h3><span data-contrast=\"auto\"><br \/>\nIT-Praxisschutz.de<\/span><\/h3>\n<p>&nbsp;<\/p>\n<p><em><strong>Was soll das sein?<br \/>\n<\/strong><\/em>Wir sind ein Verbund von engagierten ITK Fachfirmen in und um Aschaffenburg. Unser Ziel ist es durch Kooperation und gegenseitiger Unterst\u00fctzung unseren Kunden die bestm\u00f6gliche Beratung und Servicequalit\u00e4t zukommen zu lassen. Um diese Ziele zu erreichen ist es n\u00f6tig den h\u00f6chsten Personal Standard zu bieten.<\/p>\n<p><span data-contrast=\"auto\">Dies erfordert schon in der Ausbildung \u00fcberdurchschnittliche Methoden und tiefgehende, \u00fcberbetriebliche Ausbildungsveranstaltungen mit wechselnden Dozenten. Probleme sollten immer direkt auf Anhieb gel\u00f6st werden k\u00f6nnen, um schnellstm\u00f6glich wieder einen Betrieb f\u00fcr unsere Kunden zu erreichen. Durch selbst gesetzte hohe Standards k\u00f6nnen alle Partner des Verbunds f\u00fcr einen anderen Partner in Vertretung gehen.<\/span><\/p>\n<p>&nbsp;<\/p>\n<p><span data-contrast=\"auto\"><em><strong>Weshalb starten wir gerade jetzt?<\/strong><\/em><br \/>\nDurch die st\u00e4ndig wachsenden Anforderungen an eine ITK Anlage in einer Praxis wird es f\u00fcr Entscheider immer schwieriger alle rechtlichen und technischen Aspekte im Blick zu behalten.<br \/>\nDeshalb sind wir mit dem Ziel gestartet gerade die Branche der medizinischen Anwendungen durch unsere Dienstleistungen und Produkte zu entlasten und fachgerecht zu beraten.<\/span><span data-ccp-props=\"{&quot;201341983&quot;:0,&quot;335559739&quot;:160,&quot;335559740&quot;:259}\"> Hier machen wir keine Rechtsberatung, sondern bieten L\u00f6sungen f\u00fcr eine sichere IT in der Praxis an.<\/span><\/p>\n<p>&nbsp;<\/p>\n<p><span data-contrast=\"auto\"><em><strong>Welche der hier genannten Fachfirmen sollte ich w\u00e4hlen?<\/strong><\/em><br \/>\nAlle Partner des Verbundes haben sich die gleichen Qualit\u00e4tsstandards gesetzt und sind sach-und fachlich handlungskompetente Ansprechpartner.<br \/>\nAlle Partner nutzen auch den Wissensaustausch und die gegenseitige Unterst\u00fctzung bei nicht allt\u00e4glichen Problemstellungen und k\u00f6nnen so mit ihrer Leistung \u00fcberzeugen.<\/span><\/p>\n<p>&nbsp;<\/p>\n<p><span data-contrast=\"auto\"><em><strong>Ich habe Fragen, an wen wende ich mich?<\/strong><\/em><br \/>\nAlle Partner sind am Ende dieser Webseite aufgef\u00fchrt, und auf der \u00dcbersichtskarte. Gerne k\u00f6nnen Sie einen telefonischen Beratungstermin, via Teams oder auch gerne unter Einhaltung der Hygiene Vorschriften vor Ort mit uns vereinbaren.<\/span><span data-ccp-props=\"{&quot;201341983&quot;:0,&quot;335559739&quot;:160,&quot;335559740&quot;:259}\">\u00a0<\/span><\/p>\n<p><a href=\"https:\/\/batchgeo.com\/map\/34680825101a87fa447efbff32541073\"><img loading=\"lazy\" decoding=\"async\" class=\"alignnone wp-image-93 size-large\" src=\"https:\/\/it-praxisschutz.de\/wp-content\/uploads\/2022\/02\/aps-1024x712.png\" alt=\"\" width=\"1024\" height=\"712\" srcset=\"https:\/\/it-praxisschutz.de\/wp-content\/uploads\/2022\/02\/aps-1024x712.png 1024w, https:\/\/it-praxisschutz.de\/wp-content\/uploads\/2022\/02\/aps-300x209.png 300w, https:\/\/it-praxisschutz.de\/wp-content\/uploads\/2022\/02\/aps-768x534.png 768w, https:\/\/it-praxisschutz.de\/wp-content\/uploads\/2022\/02\/aps.png 1305w\" sizes=\"auto, (max-width: 1024px) 100vw, 1024px\" \/><\/a><\/p>\n<p>&nbsp;<\/p>\n<p>&nbsp;<\/p>\n","protected":false},"excerpt":{"rendered":"<p>IT-Praxisschutz.de &nbsp; Was soll das sein? Wir sind ein Verbund von engagierten ITK Fachfirmen in und um Aschaffenburg. Unser Ziel ist es durch Kooperation und gegenseitiger Unterst\u00fctzung unseren Kunden die bestm\u00f6gliche Beratung und Servicequalit\u00e4t zukommen zu lassen. Um diese Ziele zu erreichen ist es n\u00f6tig den h\u00f6chsten Personal Standard zu bieten. Dies erfordert schon in&hellip; <br \/> <a class=\"button small blue\" href=\"https:\/\/it-praxisschutz.de\/index.php\/informationen\/\">Weiterlesen<\/a><\/p>\n","protected":false},"author":1,"featured_media":0,"parent":0,"menu_order":0,"comment_status":"closed","ping_status":"closed","template":"","meta":{"footnotes":""},"class_list":["post-56","page","type-page","status-publish","hentry"],"yoast_head":"<!-- This site is optimized with the Yoast SEO plugin v27.1.1 - https:\/\/yoast.com\/product\/yoast-seo-wordpress\/ -->\n<title>Informationen - IT-Praxisschutz<\/title>\n<meta name=\"robots\" content=\"index, follow, max-snippet:-1, max-image-preview:large, max-video-preview:-1\" \/>\n<link rel=\"canonical\" href=\"https:\/\/it-praxisschutz.de\/index.php\/informationen\/\" \/>\n<meta property=\"og:locale\" content=\"de_DE\" \/>\n<meta property=\"og:type\" content=\"article\" \/>\n<meta property=\"og:title\" content=\"Informationen - IT-Praxisschutz\" \/>\n<meta property=\"og:description\" content=\"IT-Praxisschutz.de &nbsp; Was soll das sein? Wir sind ein Verbund von engagierten ITK Fachfirmen in und um Aschaffenburg. Unser Ziel ist es durch Kooperation und gegenseitiger Unterst\u00fctzung unseren Kunden die bestm\u00f6gliche Beratung und Servicequalit\u00e4t zukommen zu lassen. Um diese Ziele zu erreichen ist es n\u00f6tig den h\u00f6chsten Personal Standard zu bieten. Dies erfordert schon in&hellip; Weiterlesen\" \/>\n<meta property=\"og:url\" content=\"https:\/\/it-praxisschutz.de\/index.php\/informationen\/\" \/>\n<meta property=\"og:site_name\" content=\"IT-Praxisschutz\" \/>\n<meta property=\"article:modified_time\" content=\"2022-02-16T15:52:45+00:00\" \/>\n<meta property=\"og:image\" content=\"https:\/\/it-praxisschutz.de\/wp-content\/uploads\/2022\/02\/aps.png\" \/>\n\t<meta property=\"og:image:width\" content=\"1305\" \/>\n\t<meta property=\"og:image:height\" content=\"908\" \/>\n\t<meta property=\"og:image:type\" content=\"image\/png\" \/>\n<meta name=\"twitter:card\" content=\"summary_large_image\" \/>\n<meta name=\"twitter:label1\" content=\"Gesch\u00e4tzte Lesezeit\" \/>\n\t<meta name=\"twitter:data1\" content=\"1\u00a0Minute\" \/>\n<script type=\"application\/ld+json\" class=\"yoast-schema-graph\">{\"@context\":\"https:\/\/schema.org\",\"@graph\":[{\"@type\":\"WebPage\",\"@id\":\"https:\/\/it-praxisschutz.de\/index.php\/informationen\/\",\"url\":\"https:\/\/it-praxisschutz.de\/index.php\/informationen\/\",\"name\":\"Informationen - IT-Praxisschutz\",\"isPartOf\":{\"@id\":\"https:\/\/it-praxisschutz.de\/#website\"},\"primaryImageOfPage\":{\"@id\":\"https:\/\/it-praxisschutz.de\/index.php\/informationen\/#primaryimage\"},\"image\":{\"@id\":\"https:\/\/it-praxisschutz.de\/index.php\/informationen\/#primaryimage\"},\"thumbnailUrl\":\"https:\/\/it-praxisschutz.de\/wp-content\/uploads\/2022\/02\/aps-1024x712.png\",\"datePublished\":\"2022-02-08T17:33:16+00:00\",\"dateModified\":\"2022-02-16T15:52:45+00:00\",\"breadcrumb\":{\"@id\":\"https:\/\/it-praxisschutz.de\/index.php\/informationen\/#breadcrumb\"},\"inLanguage\":\"de\",\"potentialAction\":[{\"@type\":\"ReadAction\",\"target\":[\"https:\/\/it-praxisschutz.de\/index.php\/informationen\/\"]}]},{\"@type\":\"ImageObject\",\"inLanguage\":\"de\",\"@id\":\"https:\/\/it-praxisschutz.de\/index.php\/informationen\/#primaryimage\",\"url\":\"https:\/\/it-praxisschutz.de\/wp-content\/uploads\/2022\/02\/aps.png\",\"contentUrl\":\"https:\/\/it-praxisschutz.de\/wp-content\/uploads\/2022\/02\/aps.png\",\"width\":1305,\"height\":908},{\"@type\":\"BreadcrumbList\",\"@id\":\"https:\/\/it-praxisschutz.de\/index.php\/informationen\/#breadcrumb\",\"itemListElement\":[{\"@type\":\"ListItem\",\"position\":1,\"name\":\"Home\",\"item\":\"https:\/\/it-praxisschutz.de\/\"},{\"@type\":\"ListItem\",\"position\":2,\"name\":\"Informationen\"}]},{\"@type\":\"WebSite\",\"@id\":\"https:\/\/it-praxisschutz.de\/#website\",\"url\":\"https:\/\/it-praxisschutz.de\/\",\"name\":\"IT-Praxisschutz\",\"description\":\"Sicherheit f\u00fcr Ihre Praxis IT\",\"potentialAction\":[{\"@type\":\"SearchAction\",\"target\":{\"@type\":\"EntryPoint\",\"urlTemplate\":\"https:\/\/it-praxisschutz.de\/?s={search_term_string}\"},\"query-input\":{\"@type\":\"PropertyValueSpecification\",\"valueRequired\":true,\"valueName\":\"search_term_string\"}}],\"inLanguage\":\"de\"}]}<\/script>\n<!-- \/ Yoast SEO plugin. -->","yoast_head_json":{"title":"Informationen - IT-Praxisschutz","robots":{"index":"index","follow":"follow","max-snippet":"max-snippet:-1","max-image-preview":"max-image-preview:large","max-video-preview":"max-video-preview:-1"},"canonical":"https:\/\/it-praxisschutz.de\/index.php\/informationen\/","og_locale":"de_DE","og_type":"article","og_title":"Informationen - IT-Praxisschutz","og_description":"IT-Praxisschutz.de &nbsp; Was soll das sein? Wir sind ein Verbund von engagierten ITK Fachfirmen in und um Aschaffenburg. Unser Ziel ist es durch Kooperation und gegenseitiger Unterst\u00fctzung unseren Kunden die bestm\u00f6gliche Beratung und Servicequalit\u00e4t zukommen zu lassen. Um diese Ziele zu erreichen ist es n\u00f6tig den h\u00f6chsten Personal Standard zu bieten. Dies erfordert schon in&hellip; Weiterlesen","og_url":"https:\/\/it-praxisschutz.de\/index.php\/informationen\/","og_site_name":"IT-Praxisschutz","article_modified_time":"2022-02-16T15:52:45+00:00","og_image":[{"width":1305,"height":908,"url":"https:\/\/it-praxisschutz.de\/wp-content\/uploads\/2022\/02\/aps.png","type":"image\/png"}],"twitter_card":"summary_large_image","twitter_misc":{"Gesch\u00e4tzte Lesezeit":"1\u00a0Minute"},"schema":{"@context":"https:\/\/schema.org","@graph":[{"@type":"WebPage","@id":"https:\/\/it-praxisschutz.de\/index.php\/informationen\/","url":"https:\/\/it-praxisschutz.de\/index.php\/informationen\/","name":"Informationen - IT-Praxisschutz","isPartOf":{"@id":"https:\/\/it-praxisschutz.de\/#website"},"primaryImageOfPage":{"@id":"https:\/\/it-praxisschutz.de\/index.php\/informationen\/#primaryimage"},"image":{"@id":"https:\/\/it-praxisschutz.de\/index.php\/informationen\/#primaryimage"},"thumbnailUrl":"https:\/\/it-praxisschutz.de\/wp-content\/uploads\/2022\/02\/aps-1024x712.png","datePublished":"2022-02-08T17:33:16+00:00","dateModified":"2022-02-16T15:52:45+00:00","breadcrumb":{"@id":"https:\/\/it-praxisschutz.de\/index.php\/informationen\/#breadcrumb"},"inLanguage":"de","potentialAction":[{"@type":"ReadAction","target":["https:\/\/it-praxisschutz.de\/index.php\/informationen\/"]}]},{"@type":"ImageObject","inLanguage":"de","@id":"https:\/\/it-praxisschutz.de\/index.php\/informationen\/#primaryimage","url":"https:\/\/it-praxisschutz.de\/wp-content\/uploads\/2022\/02\/aps.png","contentUrl":"https:\/\/it-praxisschutz.de\/wp-content\/uploads\/2022\/02\/aps.png","width":1305,"height":908},{"@type":"BreadcrumbList","@id":"https:\/\/it-praxisschutz.de\/index.php\/informationen\/#breadcrumb","itemListElement":[{"@type":"ListItem","position":1,"name":"Home","item":"https:\/\/it-praxisschutz.de\/"},{"@type":"ListItem","position":2,"name":"Informationen"}]},{"@type":"WebSite","@id":"https:\/\/it-praxisschutz.de\/#website","url":"https:\/\/it-praxisschutz.de\/","name":"IT-Praxisschutz","description":"Sicherheit f\u00fcr Ihre Praxis IT","potentialAction":[{"@type":"SearchAction","target":{"@type":"EntryPoint","urlTemplate":"https:\/\/it-praxisschutz.de\/?s={search_term_string}"},"query-input":{"@type":"PropertyValueSpecification","valueRequired":true,"valueName":"search_term_string"}}],"inLanguage":"de"}]}},"_links":{"self":[{"href":"https:\/\/it-praxisschutz.de\/index.php\/wp-json\/wp\/v2\/pages\/56","targetHints":{"allow":["GET"]}}],"collection":[{"href":"https:\/\/it-praxisschutz.de\/index.php\/wp-json\/wp\/v2\/pages"}],"about":[{"href":"https:\/\/it-praxisschutz.de\/index.php\/wp-json\/wp\/v2\/types\/page"}],"author":[{"embeddable":true,"href":"https:\/\/it-praxisschutz.de\/index.php\/wp-json\/wp\/v2\/users\/1"}],"replies":[{"embeddable":true,"href":"https:\/\/it-praxisschutz.de\/index.php\/wp-json\/wp\/v2\/comments?post=56"}],"version-history":[{"count":6,"href":"https:\/\/it-praxisschutz.de\/index.php\/wp-json\/wp\/v2\/pages\/56\/revisions"}],"predecessor-version":[{"id":94,"href":"https:\/\/it-praxisschutz.de\/index.php\/wp-json\/wp\/v2\/pages\/56\/revisions\/94"}],"wp:attachment":[{"href":"https:\/\/it-praxisschutz.de\/index.php\/wp-json\/wp\/v2\/media?parent=56"}],"curies":[{"name":"wp","href":"https:\/\/api.w.org\/{rel}","templated":true}]}}