{"id":28,"date":"2021-08-13T13:52:20","date_gmt":"2021-08-13T11:52:20","guid":{"rendered":"https:\/\/it-praxisschutz.de\/?page_id=28"},"modified":"2022-02-10T11:53:42","modified_gmt":"2022-02-10T09:53:42","slug":"impressum","status":"publish","type":"page","link":"https:\/\/it-praxisschutz.de\/index.php\/impressum\/","title":{"rendered":"Impressum"},"content":{"rendered":"<p>Verantwortlich im Sinne TMG \u00a75<\/p>\n<p>f\u00fcr it-praxisschutz,de<\/p>\n<p><strong>Anschrift:<\/strong><br \/>\nSFC Software for Companies GmbH<\/p>\n<p>Erbsenwinkelstra\u00dfe 3<br \/>\nD-63768 H\u00f6sbach<\/p>\n<p>Fon: +49 (0)60 21 &#8211; 588 39 &#8211; 0<br \/>\nFax: +49 (0)60 21 &#8211; 588 39 &#8211; 39<br \/>\nE-Mail:\u00a0<a href=\"mailto:info@sfc-software.de\">info@sfc-software.de<\/a><br \/>\nInternet:\u00a0<a href=\"https:\/\/www.sfc-software.de\/\">https:\/\/www.sfc-software.de<\/a><br \/>\nGesch\u00e4ftsf\u00fchrer: Steffen Hartmann<\/p>\n<p>Ansprechpartner Carsten Donath<\/p>\n<p>HR B 7251, Amtsgericht Aschaffenburg<br \/>\nUSt-Identnr: DE 200 20 7148<br \/>\nSteuernummer: 204\/137\/30516<\/p>\n<p><strong>Datenschutz &amp; Cookies<\/strong>:<br \/>\nIhre Privatsph\u00e4re ist uns sehr wichtig. F\u00fcr diese Internetseite it-praxisschutz.de gelten unsere \u00a0<a href=\"https:\/\/www.sfc-software.de\/datenschutzerklaerung\/\">Datenschutzerkl\u00e4rung.<\/a><br \/>\nF\u00fcr weiterf\u00fchrende Links zu anderen Seiten sind wir nicht verantwortlich und es gelten die jeweiligen Datenschutzerkl\u00e4rungen der Internetseitenanbieter.<\/p>\n<p><strong>Hinweis zur\u00a0Online-Streitbeilegung f\u00fcr unsere Online-Shops:<\/strong><br \/>\nDie Europ\u00e4ische Kommission stellt eine Plattform f\u00fcr die au\u00dfergerichtliche Online-Streitbeilegung (OS-Plattform) bereit, die unter\u00a0<a href=\"http:\/\/www.ec.europa.eu\/consumers\/odr\" target=\"_blank\" rel=\"noopener\">www.ec.europa.eu\/consumers\/odr<\/a>\u00a0aufrufbar ist. Unsere E-Mail-Adresse finden Sie in unserem Impressum. Wir nehmen am Streitschlichtungsverfahren teil. Zust\u00e4ndig ist die Universalschlichtungsstelle des Bundes am Zentrum f\u00fcr Schlichtung e. V., Stra\u00dfburger Stra\u00dfe 8, 77694 Kehl am Rhein,\u00a0<a href=\"https:\/\/www.verbraucher-schlichter.de\/\" target=\"_blank\" rel=\"noopener\">www.verbraucher-schlichter.de<\/a>.<\/p>\n","protected":false},"excerpt":{"rendered":"<p>Verantwortlich im Sinne TMG \u00a75 f\u00fcr it-praxisschutz,de Anschrift: SFC Software for Companies GmbH Erbsenwinkelstra\u00dfe 3 D-63768 H\u00f6sbach Fon: +49 (0)60 21 &#8211; 588 39 &#8211; 0 Fax: +49 (0)60 21 &#8211; 588 39 &#8211; 39 E-Mail:\u00a0info@sfc-software.de Internet:\u00a0https:\/\/www.sfc-software.de Gesch\u00e4ftsf\u00fchrer: Steffen Hartmann Ansprechpartner Carsten Donath HR B 7251, Amtsgericht Aschaffenburg USt-Identnr: DE 200 20 7148 Steuernummer: 204\/137\/30516&hellip; <br \/> <a class=\"button small blue\" href=\"https:\/\/it-praxisschutz.de\/index.php\/impressum\/\">Weiterlesen<\/a><\/p>\n","protected":false},"author":1,"featured_media":0,"parent":0,"menu_order":0,"comment_status":"closed","ping_status":"closed","template":"","meta":{"footnotes":""},"class_list":["post-28","page","type-page","status-publish","hentry"],"yoast_head":"<!-- This site is optimized with the Yoast SEO plugin v27.1.1 - https:\/\/yoast.com\/product\/yoast-seo-wordpress\/ -->\n<title>Impressum - IT-Praxisschutz<\/title>\n<meta name=\"robots\" content=\"index, follow, max-snippet:-1, max-image-preview:large, max-video-preview:-1\" \/>\n<link rel=\"canonical\" href=\"https:\/\/it-praxisschutz.de\/index.php\/impressum\/\" \/>\n<meta property=\"og:locale\" content=\"de_DE\" \/>\n<meta property=\"og:type\" content=\"article\" \/>\n<meta property=\"og:title\" content=\"Impressum - IT-Praxisschutz\" \/>\n<meta property=\"og:description\" content=\"Verantwortlich im Sinne TMG \u00a75 f\u00fcr it-praxisschutz,de Anschrift: SFC Software for Companies GmbH Erbsenwinkelstra\u00dfe 3 D-63768 H\u00f6sbach Fon: +49 (0)60 21 &#8211; 588 39 &#8211; 0 Fax: +49 (0)60 21 &#8211; 588 39 &#8211; 39 E-Mail:\u00a0info@sfc-software.de Internet:\u00a0https:\/\/www.sfc-software.de Gesch\u00e4ftsf\u00fchrer: Steffen Hartmann Ansprechpartner Carsten Donath HR B 7251, Amtsgericht Aschaffenburg USt-Identnr: DE 200 20 7148 Steuernummer: 204\/137\/30516&hellip; Weiterlesen\" \/>\n<meta property=\"og:url\" content=\"https:\/\/it-praxisschutz.de\/index.php\/impressum\/\" \/>\n<meta property=\"og:site_name\" content=\"IT-Praxisschutz\" \/>\n<meta property=\"article:modified_time\" content=\"2022-02-10T09:53:42+00:00\" \/>\n<meta name=\"twitter:card\" content=\"summary_large_image\" \/>\n<meta name=\"twitter:label1\" content=\"Gesch\u00e4tzte Lesezeit\" \/>\n\t<meta name=\"twitter:data1\" content=\"1\u00a0Minute\" \/>\n<script type=\"application\/ld+json\" class=\"yoast-schema-graph\">{\"@context\":\"https:\/\/schema.org\",\"@graph\":[{\"@type\":\"WebPage\",\"@id\":\"https:\/\/it-praxisschutz.de\/index.php\/impressum\/\",\"url\":\"https:\/\/it-praxisschutz.de\/index.php\/impressum\/\",\"name\":\"Impressum - IT-Praxisschutz\",\"isPartOf\":{\"@id\":\"https:\/\/it-praxisschutz.de\/#website\"},\"datePublished\":\"2021-08-13T11:52:20+00:00\",\"dateModified\":\"2022-02-10T09:53:42+00:00\",\"breadcrumb\":{\"@id\":\"https:\/\/it-praxisschutz.de\/index.php\/impressum\/#breadcrumb\"},\"inLanguage\":\"de\",\"potentialAction\":[{\"@type\":\"ReadAction\",\"target\":[\"https:\/\/it-praxisschutz.de\/index.php\/impressum\/\"]}]},{\"@type\":\"BreadcrumbList\",\"@id\":\"https:\/\/it-praxisschutz.de\/index.php\/impressum\/#breadcrumb\",\"itemListElement\":[{\"@type\":\"ListItem\",\"position\":1,\"name\":\"Home\",\"item\":\"https:\/\/it-praxisschutz.de\/\"},{\"@type\":\"ListItem\",\"position\":2,\"name\":\"Impressum\"}]},{\"@type\":\"WebSite\",\"@id\":\"https:\/\/it-praxisschutz.de\/#website\",\"url\":\"https:\/\/it-praxisschutz.de\/\",\"name\":\"IT-Praxisschutz\",\"description\":\"Sicherheit f\u00fcr Ihre Praxis IT\",\"potentialAction\":[{\"@type\":\"SearchAction\",\"target\":{\"@type\":\"EntryPoint\",\"urlTemplate\":\"https:\/\/it-praxisschutz.de\/?s={search_term_string}\"},\"query-input\":{\"@type\":\"PropertyValueSpecification\",\"valueRequired\":true,\"valueName\":\"search_term_string\"}}],\"inLanguage\":\"de\"}]}<\/script>\n<!-- \/ Yoast SEO plugin. -->","yoast_head_json":{"title":"Impressum - IT-Praxisschutz","robots":{"index":"index","follow":"follow","max-snippet":"max-snippet:-1","max-image-preview":"max-image-preview:large","max-video-preview":"max-video-preview:-1"},"canonical":"https:\/\/it-praxisschutz.de\/index.php\/impressum\/","og_locale":"de_DE","og_type":"article","og_title":"Impressum - IT-Praxisschutz","og_description":"Verantwortlich im Sinne TMG \u00a75 f\u00fcr it-praxisschutz,de Anschrift: SFC Software for Companies GmbH Erbsenwinkelstra\u00dfe 3 D-63768 H\u00f6sbach Fon: +49 (0)60 21 &#8211; 588 39 &#8211; 0 Fax: +49 (0)60 21 &#8211; 588 39 &#8211; 39 E-Mail:\u00a0info@sfc-software.de Internet:\u00a0https:\/\/www.sfc-software.de Gesch\u00e4ftsf\u00fchrer: Steffen Hartmann Ansprechpartner Carsten Donath HR B 7251, Amtsgericht Aschaffenburg USt-Identnr: DE 200 20 7148 Steuernummer: 204\/137\/30516&hellip; Weiterlesen","og_url":"https:\/\/it-praxisschutz.de\/index.php\/impressum\/","og_site_name":"IT-Praxisschutz","article_modified_time":"2022-02-10T09:53:42+00:00","twitter_card":"summary_large_image","twitter_misc":{"Gesch\u00e4tzte Lesezeit":"1\u00a0Minute"},"schema":{"@context":"https:\/\/schema.org","@graph":[{"@type":"WebPage","@id":"https:\/\/it-praxisschutz.de\/index.php\/impressum\/","url":"https:\/\/it-praxisschutz.de\/index.php\/impressum\/","name":"Impressum - IT-Praxisschutz","isPartOf":{"@id":"https:\/\/it-praxisschutz.de\/#website"},"datePublished":"2021-08-13T11:52:20+00:00","dateModified":"2022-02-10T09:53:42+00:00","breadcrumb":{"@id":"https:\/\/it-praxisschutz.de\/index.php\/impressum\/#breadcrumb"},"inLanguage":"de","potentialAction":[{"@type":"ReadAction","target":["https:\/\/it-praxisschutz.de\/index.php\/impressum\/"]}]},{"@type":"BreadcrumbList","@id":"https:\/\/it-praxisschutz.de\/index.php\/impressum\/#breadcrumb","itemListElement":[{"@type":"ListItem","position":1,"name":"Home","item":"https:\/\/it-praxisschutz.de\/"},{"@type":"ListItem","position":2,"name":"Impressum"}]},{"@type":"WebSite","@id":"https:\/\/it-praxisschutz.de\/#website","url":"https:\/\/it-praxisschutz.de\/","name":"IT-Praxisschutz","description":"Sicherheit f\u00fcr Ihre Praxis IT","potentialAction":[{"@type":"SearchAction","target":{"@type":"EntryPoint","urlTemplate":"https:\/\/it-praxisschutz.de\/?s={search_term_string}"},"query-input":{"@type":"PropertyValueSpecification","valueRequired":true,"valueName":"search_term_string"}}],"inLanguage":"de"}]}},"_links":{"self":[{"href":"https:\/\/it-praxisschutz.de\/index.php\/wp-json\/wp\/v2\/pages\/28","targetHints":{"allow":["GET"]}}],"collection":[{"href":"https:\/\/it-praxisschutz.de\/index.php\/wp-json\/wp\/v2\/pages"}],"about":[{"href":"https:\/\/it-praxisschutz.de\/index.php\/wp-json\/wp\/v2\/types\/page"}],"author":[{"embeddable":true,"href":"https:\/\/it-praxisschutz.de\/index.php\/wp-json\/wp\/v2\/users\/1"}],"replies":[{"embeddable":true,"href":"https:\/\/it-praxisschutz.de\/index.php\/wp-json\/wp\/v2\/comments?post=28"}],"version-history":[{"count":3,"href":"https:\/\/it-praxisschutz.de\/index.php\/wp-json\/wp\/v2\/pages\/28\/revisions"}],"predecessor-version":[{"id":81,"href":"https:\/\/it-praxisschutz.de\/index.php\/wp-json\/wp\/v2\/pages\/28\/revisions\/81"}],"wp:attachment":[{"href":"https:\/\/it-praxisschutz.de\/index.php\/wp-json\/wp\/v2\/media?parent=28"}],"curies":[{"name":"wp","href":"https:\/\/api.w.org\/{rel}","templated":true}]}}